{"id":665,"date":"2020-08-13T18:38:54","date_gmt":"2020-08-13T18:38:54","guid":{"rendered":"https:\/\/parachutedigitalsolutions.com\/accessibilite\/"},"modified":"2021-07-22T09:19:29","modified_gmt":"2021-07-22T13:19:29","slug":"accessibilite","status":"publish","type":"page","link":"https:\/\/parachutedigitalsolutions.com\/fr-ca\/accessibilite\/","title":{"rendered":"Accessibilit\u00e9"},"content":{"rendered":"<h2 id=\"Navigateurs\" data-renderer-start-pos=\"2746\">Navigateurs<\/h2>\n<p>Nous vous recommandons de mettre \u00e0 jour votre navigateur. Les navigateurs les plus r\u00e9cents tendent \u00e0 fournir un plus grand nombre d\u2019options d\u2019affichage pour faciliter l\u2019accessibilit\u00e9 du contenu. Ils sont \u00e9galement peut-\u00eatre plus facilement compatibles avec les technologies d\u2019assistance. Le site Web <a href=\"https:\/\/parachutedigitalsolutions.com\/fr-ca\/\">https:\/\/parachutedigitalsolutions.com\/fr-ca\/<\/a> prend en charge les navigateurs suivants\u00a0: Chrome (58.0.3029.110), Firefox (53.0.2), Edge (40.15063.0.0), Internet\u00a0Explorer (11.0.42), Safari (10.1) et Opera (45.0.2552.635) ou versions plus r\u00e9centes de ces navigateurs.<\/p>\n<h2 id=\"T\u00e9moins\" data-renderer-start-pos=\"3316\">T\u00e9moins<\/h2>\n<p>Pour profiter d\u2019une exp\u00e9rience personnalis\u00e9e sur notre site, vous devez activer les t\u00e9moins de votre navigateur. Notre <a class=\"sc-jAaTju jhLrrP\" title=\"https:\/\/digitalporte.atlassian.net\/wiki\/spaces\/CDOC\/pages\/870711426\/Privacy+Policy+-+CA\" href=\"https:\/\/parachutedigitalsolutions.com\/fr-ca\/politique-de-confidentialite-de-parachute-solutions-numeriques-inc\/\" data-renderer-mark=\"true\">Avis de confidentialit\u00e9<\/a> contient des renseignements d\u00e9taill\u00e9s sur notre utilisation des t\u00e9moins. Pour obtenir de plus amples renseignements sur l\u2019activation et la d\u00e9sactivation des t\u00e9moins, veuillez vous reporter \u00e0 la section Aide de votre navigateur ou \u00e0 la documentation y aff\u00e9rente.<\/p>\n<h2 id=\"JavaScript.1\" data-renderer-start-pos=\"3731\">JavaScript<\/h2>\n<p>Pour profiter de toutes les fonctionnalit\u00e9s de notre site, vous devez modifier les param\u00e8tres de votre navigateur ou de votre appareil afin d\u2019activer JavaScript. Pour obtenir de plus amples renseignements sur l\u2019activation de JavaScript, veuillez vous reporter \u00e0 la section Aide de votre navigateur ou \u00e0 la documentation y aff\u00e9rente.<\/p>\n<h3 id=\"Comment-nous-avons-rendu-notre-site-Web-accessible\" data-renderer-start-pos=\"4077\">Comment nous avons rendu notre site Web accessible<\/h3>\n<p>Nous avons con\u00e7u notre site\u00a0Web conform\u00e9ment aux <a class=\"sc-jAaTju jhLrrP\" title=\"https:\/\/www.w3.org\/WAI\/intro\/wcag.php\" href=\"https:\/\/www.w3.org\/WAI\/intro\/wcag.php\" data-renderer-mark=\"true\">R\u00e8gles pour l\u2019accessibilit\u00e9 des contenus\u00a0Web\u00a0(WCAG)\u00a02.0 du World Wide Web Consortium\u00a0(W3C)<\/a>. Ces r\u00e8gles fournissent aux d\u00e9veloppeurs de sites Web des pratiques exemplaires en mati\u00e8re de conception de sites Web accessibles.<\/p>\n<p>Par exemple, les pages Web du site <a href=\"https:\/\/parachutedigitalsolutions.com\/fr-ca\/\">https:\/\/parachutedigitalsolutions.com\/fr-ca\/<\/a>\u00a0ont \u00e9t\u00e9 con\u00e7ues de mani\u00e8re \u00e0 vous permettre de faire ce qui suit\u00a0:<\/p>\n<ul>\n<li>d\u00e9sactiver les feuilles de style en cascade (CSS) sur vos navigateurs;<\/li>\n<li>modifier la taille du texte en utilisant les contr\u00f4les du navigateur si les couleurs ou les polices de caract\u00e8res rendent difficile la lecture du contenu;<\/li>\n<li>activer le sous-titrage cod\u00e9 de n\u2019importe quelle vid\u00e9o du site;<\/li>\n<li>naviguer sur le site efficacement avec un lecteur d\u2019\u00e9cran si vous avez une d\u00e9ficience visuelle. Par exemple, les images sont accompagn\u00e9es de textes descriptifs, les attributs de titres indiquent aux utilisateurs \u00e0 quelle page ils se retrouveront s\u2019ils cliquent sur un lien et la structure des sections fournit une vue d\u2019ensemble du site, ce qui permet aux utilisateurs de passer \u00e0 la section de leur choix rapidement.<\/li>\n<\/ul>\n<h3 id=\"Veuillez-communiquer-avec-nous-si-vous-\u00e9prouvez-de-la-difficult\u00e9-\u00e0-utiliser-notre-site-Web.\" data-renderer-start-pos=\"5262\"><strong data-renderer-mark=\"true\">Veuillez communiquer avec nous si vous \u00e9prouvez de la difficult\u00e9 \u00e0 utiliser notre site Web.<\/strong><\/h3>\n<p><b><\/b>Si vous avez de la difficult\u00e9 \u00e0 acc\u00e9der aux contenus ou aux fonctionnalit\u00e9s de notre site\u00a0Web, quelles qu\u2019elles soient, veuillez communiquer avec nous. Nous tenons \u00e0 offrir la meilleure exp\u00e9rience en ligne possible aux utilisateurs de notre site. Nous vous invitons \u00e0 nous faire part de vos commentaires et demeurons ouverts \u00e0 la possibilit\u00e9 d\u2019apporter des am\u00e9liorations.<\/p>\n\n\n<div style=\"height:30px\" aria-hidden=\"true\" class=\"wp-block-spacer\"><\/div>\n","protected":false},"excerpt":{"rendered":"<p>Navigateurs Nous vous recommandons de mettre \u00e0 jour votre navigateur. Les navigateurs les plus &#8230;<\/p>\n","protected":false},"author":1,"featured_media":0,"parent":0,"menu_order":0,"comment_status":"closed","ping_status":"closed","template":"","meta":{"_acf_changed":false,"footnotes":""},"class_list":["post-665","page","type-page","status-publish","hentry"],"acf":[],"yoast_head":"<!-- This site is optimized with the Yoast SEO plugin v27.3 - https:\/\/yoast.com\/product\/yoast-seo-wordpress\/ -->\n<title>Accessibilit\u00e9 | Parachute Solutions Num\u00e9riques Canada<\/title>\n<meta name=\"robots\" content=\"index, follow, max-snippet:-1, max-image-preview:large, max-video-preview:-1\" \/>\n<link rel=\"canonical\" href=\"https:\/\/parachutedigitalsolutions.com\/fr-ca\/accessibilite\/\" \/>\n<meta property=\"og:locale\" content=\"fr_FR\" \/>\n<meta property=\"og:type\" content=\"article\" \/>\n<meta property=\"og:title\" content=\"Accessibilit\u00e9 | Parachute Solutions Num\u00e9riques Canada\" \/>\n<meta property=\"og:description\" content=\"Navigateurs Nous vous recommandons de mettre \u00e0 jour votre navigateur. Les navigateurs les plus ...\" \/>\n<meta property=\"og:url\" content=\"https:\/\/parachutedigitalsolutions.com\/fr-ca\/accessibilite\/\" \/>\n<meta property=\"og:site_name\" content=\"Parachute Digital Solutions\" \/>\n<meta property=\"article:modified_time\" content=\"2021-07-22T13:19:29+00:00\" \/>\n<meta name=\"twitter:card\" content=\"summary_large_image\" \/>\n<meta name=\"twitter:label1\" content=\"Est. reading time\" \/>\n\t<meta name=\"twitter:data1\" content=\"2 minutes\" \/>\n<script type=\"application\/ld+json\" class=\"yoast-schema-graph\">{\"@context\":\"https:\\\/\\\/schema.org\",\"@graph\":[{\"@type\":\"WebPage\",\"@id\":\"https:\\\/\\\/parachutedigitalsolutions.com\\\/fr-ca\\\/accessibilite\\\/\",\"url\":\"https:\\\/\\\/parachutedigitalsolutions.com\\\/fr-ca\\\/accessibilite\\\/\",\"name\":\"Accessibilit\u00e9 | Parachute Solutions Num\u00e9riques Canada\",\"isPartOf\":{\"@id\":\"https:\\\/\\\/parachutedigitalsolutions.com\\\/en-ca\\\/#website\"},\"datePublished\":\"2020-08-13T18:38:54+00:00\",\"dateModified\":\"2021-07-22T13:19:29+00:00\",\"breadcrumb\":{\"@id\":\"https:\\\/\\\/parachutedigitalsolutions.com\\\/fr-ca\\\/accessibilite\\\/#breadcrumb\"},\"inLanguage\":\"fr-ca\",\"potentialAction\":[{\"@type\":\"ReadAction\",\"target\":[\"https:\\\/\\\/parachutedigitalsolutions.com\\\/fr-ca\\\/accessibilite\\\/\"]}]},{\"@type\":\"BreadcrumbList\",\"@id\":\"https:\\\/\\\/parachutedigitalsolutions.com\\\/fr-ca\\\/accessibilite\\\/#breadcrumb\",\"itemListElement\":[{\"@type\":\"ListItem\",\"position\":1,\"name\":\"Home\",\"item\":\"https:\\\/\\\/parachutedigitalsolutions.com\\\/fr-ca\\\/\"},{\"@type\":\"ListItem\",\"position\":2,\"name\":\"Accessibilit\u00e9\"}]},{\"@type\":\"WebSite\",\"@id\":\"https:\\\/\\\/parachutedigitalsolutions.com\\\/en-ca\\\/#website\",\"url\":\"https:\\\/\\\/parachutedigitalsolutions.com\\\/en-ca\\\/\",\"name\":\"Parachute Digital Solutions\",\"description\":\"Insurance the new-fashioned way\",\"publisher\":{\"@id\":\"https:\\\/\\\/parachutedigitalsolutions.com\\\/en-ca\\\/#organization\"},\"potentialAction\":[{\"@type\":\"SearchAction\",\"target\":{\"@type\":\"EntryPoint\",\"urlTemplate\":\"https:\\\/\\\/parachutedigitalsolutions.com\\\/en-ca\\\/?s={search_term_string}\"},\"query-input\":{\"@type\":\"PropertyValueSpecification\",\"valueRequired\":true,\"valueName\":\"search_term_string\"}}],\"inLanguage\":\"fr-ca\"},{\"@type\":\"Organization\",\"@id\":\"https:\\\/\\\/parachutedigitalsolutions.com\\\/en-ca\\\/#organization\",\"name\":\"Parachute Digital Solutions\",\"url\":\"https:\\\/\\\/parachutedigitalsolutions.com\\\/en-ca\\\/\",\"logo\":{\"@type\":\"ImageObject\",\"inLanguage\":\"fr-ca\",\"@id\":\"https:\\\/\\\/parachutedigitalsolutions.com\\\/en-ca\\\/#\\\/schema\\\/logo\\\/image\\\/\",\"url\":\"https:\\\/\\\/parachutedigitalsolutions.com\\\/wp-content\\\/uploads\\\/2020\\\/02\\\/PDS-Interim-Logo-White-RGB.png\",\"contentUrl\":\"https:\\\/\\\/parachutedigitalsolutions.com\\\/wp-content\\\/uploads\\\/2020\\\/02\\\/PDS-Interim-Logo-White-RGB.png\",\"width\":3572,\"height\":1365,\"caption\":\"Parachute Digital Solutions\"},\"image\":{\"@id\":\"https:\\\/\\\/parachutedigitalsolutions.com\\\/en-ca\\\/#\\\/schema\\\/logo\\\/image\\\/\"}}]}<\/script>\n<!-- \/ Yoast SEO plugin. -->","yoast_head_json":{"title":"Accessibilit\u00e9 | Parachute Solutions Num\u00e9riques Canada","robots":{"index":"index","follow":"follow","max-snippet":"max-snippet:-1","max-image-preview":"max-image-preview:large","max-video-preview":"max-video-preview:-1"},"canonical":"https:\/\/parachutedigitalsolutions.com\/fr-ca\/accessibilite\/","og_locale":"fr_FR","og_type":"article","og_title":"Accessibilit\u00e9 | Parachute Solutions Num\u00e9riques Canada","og_description":"Navigateurs Nous vous recommandons de mettre \u00e0 jour votre navigateur. Les navigateurs les plus ...","og_url":"https:\/\/parachutedigitalsolutions.com\/fr-ca\/accessibilite\/","og_site_name":"Parachute Digital Solutions","article_modified_time":"2021-07-22T13:19:29+00:00","twitter_card":"summary_large_image","twitter_misc":{"Est. reading time":"2 minutes"},"schema":{"@context":"https:\/\/schema.org","@graph":[{"@type":"WebPage","@id":"https:\/\/parachutedigitalsolutions.com\/fr-ca\/accessibilite\/","url":"https:\/\/parachutedigitalsolutions.com\/fr-ca\/accessibilite\/","name":"Accessibilit\u00e9 | Parachute Solutions Num\u00e9riques Canada","isPartOf":{"@id":"https:\/\/parachutedigitalsolutions.com\/en-ca\/#website"},"datePublished":"2020-08-13T18:38:54+00:00","dateModified":"2021-07-22T13:19:29+00:00","breadcrumb":{"@id":"https:\/\/parachutedigitalsolutions.com\/fr-ca\/accessibilite\/#breadcrumb"},"inLanguage":"fr-ca","potentialAction":[{"@type":"ReadAction","target":["https:\/\/parachutedigitalsolutions.com\/fr-ca\/accessibilite\/"]}]},{"@type":"BreadcrumbList","@id":"https:\/\/parachutedigitalsolutions.com\/fr-ca\/accessibilite\/#breadcrumb","itemListElement":[{"@type":"ListItem","position":1,"name":"Home","item":"https:\/\/parachutedigitalsolutions.com\/fr-ca\/"},{"@type":"ListItem","position":2,"name":"Accessibilit\u00e9"}]},{"@type":"WebSite","@id":"https:\/\/parachutedigitalsolutions.com\/en-ca\/#website","url":"https:\/\/parachutedigitalsolutions.com\/en-ca\/","name":"Parachute Digital Solutions","description":"Insurance the new-fashioned way","publisher":{"@id":"https:\/\/parachutedigitalsolutions.com\/en-ca\/#organization"},"potentialAction":[{"@type":"SearchAction","target":{"@type":"EntryPoint","urlTemplate":"https:\/\/parachutedigitalsolutions.com\/en-ca\/?s={search_term_string}"},"query-input":{"@type":"PropertyValueSpecification","valueRequired":true,"valueName":"search_term_string"}}],"inLanguage":"fr-ca"},{"@type":"Organization","@id":"https:\/\/parachutedigitalsolutions.com\/en-ca\/#organization","name":"Parachute Digital Solutions","url":"https:\/\/parachutedigitalsolutions.com\/en-ca\/","logo":{"@type":"ImageObject","inLanguage":"fr-ca","@id":"https:\/\/parachutedigitalsolutions.com\/en-ca\/#\/schema\/logo\/image\/","url":"https:\/\/parachutedigitalsolutions.com\/wp-content\/uploads\/2020\/02\/PDS-Interim-Logo-White-RGB.png","contentUrl":"https:\/\/parachutedigitalsolutions.com\/wp-content\/uploads\/2020\/02\/PDS-Interim-Logo-White-RGB.png","width":3572,"height":1365,"caption":"Parachute Digital Solutions"},"image":{"@id":"https:\/\/parachutedigitalsolutions.com\/en-ca\/#\/schema\/logo\/image\/"}}]}},"_links":{"self":[{"href":"https:\/\/parachutedigitalsolutions.com\/fr-ca\/wp-json\/wp\/v2\/pages\/665","targetHints":{"allow":["GET"]}}],"collection":[{"href":"https:\/\/parachutedigitalsolutions.com\/fr-ca\/wp-json\/wp\/v2\/pages"}],"about":[{"href":"https:\/\/parachutedigitalsolutions.com\/fr-ca\/wp-json\/wp\/v2\/types\/page"}],"author":[{"embeddable":true,"href":"https:\/\/parachutedigitalsolutions.com\/fr-ca\/wp-json\/wp\/v2\/users\/1"}],"replies":[{"embeddable":true,"href":"https:\/\/parachutedigitalsolutions.com\/fr-ca\/wp-json\/wp\/v2\/comments?post=665"}],"version-history":[{"count":0,"href":"https:\/\/parachutedigitalsolutions.com\/fr-ca\/wp-json\/wp\/v2\/pages\/665\/revisions"}],"wp:attachment":[{"href":"https:\/\/parachutedigitalsolutions.com\/fr-ca\/wp-json\/wp\/v2\/media?parent=665"}],"curies":[{"name":"wp","href":"https:\/\/api.w.org\/{rel}","templated":true}]}}