{"id":672,"date":"2020-08-13T18:14:52","date_gmt":"2020-08-13T18:14:52","guid":{"rendered":"https:\/\/parachutedigitalsolutions.com\/politique-de-confidentialite-de-parachute-solutions-numeriques-inc\/"},"modified":"2022-09-26T11:08:05","modified_gmt":"2022-09-26T15:08:05","slug":"politique-de-confidentialite-de-parachute-solutions-numeriques-inc","status":"publish","type":"page","link":"https:\/\/parachutedigitalsolutions.com\/fr-ca\/politique-de-confidentialite-de-parachute-solutions-numeriques-inc\/","title":{"rendered":"Politique de confidentialit\u00e9"},"content":{"rendered":"<p><strong>Parachute Solutions Num\u00e9riques Inc.<\/strong><\/p>\n<p>La pr\u00e9sente Politique de confidentialit\u00e9 d\u00e9crit les pratiques de&nbsp;Parachute Solutions Num\u00e9riques Inc.&nbsp;\u00e0 l\u2019\u00e9gard des renseignements personnels.<\/p>\n<p>Les \u00ab&nbsp;renseignements personnels&nbsp;\u00bb s\u2019entendent des renseignements qui concernent une personne physique et permettent de l\u2019identifier. Ainsi le nom, l\u2019adresse, l\u2019\u00e2ge, le sexe, l\u2019emploi, les renseignements sur le dossier m\u00e9dical, la sant\u00e9 et le mode de vie, les num\u00e9ros de carte de cr\u00e9dit et les donn\u00e9es bancaires, les renseignements relatifs \u00e0 d\u2019anciennes assurances, les pr\u00e9f\u00e9rences personnelles et d\u2019autres renseignements concernant la famille ou les b\u00e9n\u00e9ficiaires d\u2019une personne sont, entre autres, des renseignements consid\u00e9r\u00e9s comme personnels.<\/p>\n<h2 id=\"Collecte-et-utilisation-des-renseignements-personnels\" data-renderer-start-pos=\"5930\">Collecte et utilisation des renseignements personnels<\/h2>\n<p>Nous recueillons, utilisons et, dans certains cas, communiquons les renseignements personnels dans le but d\u2019offrir des produits d\u2019assurance et des services connexes, d\u2019organiser l\u2019\u00e9tablissement des contrats et d\u2019administrer ces contrats, ainsi qu\u2019\u00e0 d\u2019autres fins relatives \u00e0 l\u2019assurance, notamment pour pr\u00e9venir et r\u00e9primer la fraude (collectivement, \u00ab&nbsp;aux fins de l\u2019assurance&nbsp;\u00bb). Lorsqu\u2019il y a lieu, aux fins de l\u2019assurance, nous pouvons recueillir, v\u00e9rifier ou \u00e9changer des renseignements avec des sources ou organisations ind\u00e9pendantes.<\/p>\n<h2 id=\"Partage-et-communication-de-renseignements-personnels\" data-renderer-start-pos=\"6526\">Partage et communication de renseignements personnels<\/h2>\n<p>Lorsqu\u2019une personne pose des questions sur des produits ou services d\u2019assurance ou demande de tels produits ou services, les renseignements personnels la concernant sont partag\u00e9s avec les assureurs. Nous pouvons aussi transf\u00e9rer des renseignements \u00e0 nos fournisseurs de services externes, qui peuvent alors avoir acc\u00e8s \u00e0 ces renseignements personnels et les stocker. Nous exigeons de tous ces fournisseurs de services qu\u2019ils assurent la confidentialit\u00e9 et la s\u00e9curit\u00e9 des renseignements personnels et qu\u2019ils appliquent \u00e0 l\u2019\u00e9gard de ces renseignements des politiques de confidentialit\u00e9 et des normes de s\u00e9curit\u00e9 comparables aux n\u00f4tres. Dans des circonstances exceptionnelles, la loi pourrait nous autoriser ou nous obliger \u00e0 communiquer des renseignements personnels \u00e0 des tiers \u00e0 l\u2019insu d\u2019une personne ou sans son consentement.<\/p>\n<p>Vos renseignements personnels peuvent \u00eatre trait\u00e9s \u00e0 l\u2019ext\u00e9rieur du Canada \u00e0 des fins de filtrage des sanctions et \u00eatre accessibles \u00e0 des autorit\u00e9s gouvernementales, \u00e0 des services de police et \u00e0 des agences de s\u00e9curit\u00e9 nationale \u00e0 l\u2019\u00e9tranger en vertu des lois locales.<\/p>\n<h2 id=\"Consentement\" data-renderer-start-pos=\"7410\">Consentement<\/h2>\n<p>Nous obtiendrons des personnes concern\u00e9es leur consentement \u00e0 la collecte, \u00e0 l\u2019utilisation et \u00e0 la communication de renseignements personnels, sauf lorsque ce consentement est inappropri\u00e9. Les renseignements personnels ne seront pas utilis\u00e9s sans consentement \u00e0 d\u2019autres fins que celles auxquelles ils ont \u00e9t\u00e9 recueillis. Si nous souhaitons utiliser des renseignements personnels \u00e0 de nouvelles ou \u00e0 d\u2019autres fins, nous obtiendrons leur consentement \u00e0 cet effet auparavant.<\/p>\n<p>Toute personne a le droit de retirer ou de modifier son consentement \u00e0 la collecte, \u00e0 l\u2019utilisation et \u00e0 la communication de renseignements personnels. Cependant, sans ce consentement, il se pourrait que nous ne puissions pas traiter une demande, r\u00e9pondre \u00e0 une question ou fournir des produits ou services demand\u00e9s, y compris des produits d\u2019assurance et des services connexes.<\/p>\n<h2 id=\"Acc\u00e8s-aux-renseignements-personnels\" data-renderer-start-pos=\"8278\">Acc\u00e8s aux renseignements personnels<\/h2>\n<p>Toute personne a le droit d\u2019acc\u00e9der aux renseignements personnels que nous d\u00e9tenons et contr\u00f4lons \u00e0 son \u00e9gard, de mettre \u00e0 jour ces renseignements et d\u2019en corriger les erreurs, sous r\u00e9serve de certaines exceptions pr\u00e9vues par la loi. Nous devrons v\u00e9rifier son identit\u00e9 avant de lui fournir des renseignements personnels.<\/p>\n<p>Il se pourrait que nous ne soyons pas en mesure de donner \u00e0 une personne acc\u00e8s aux renseignements personnels la concernant s\u2019il est impossible d\u2019extraire ces renseignements de dossiers contenant des renseignements sur d\u2019autres personnes, si ces renseignements ne peuvent \u00eatre communiqu\u00e9s pour des raisons de s\u00e9curit\u00e9 ou de secret commercial, ou s\u2019ils sont prot\u00e9g\u00e9s par le privil\u00e8ge de la confidentialit\u00e9 en vertu des lois. Si nous ne pouvons pas donner \u00e0 une personne acc\u00e8s aux renseignements personnels la concernant, nous l\u2019informerons des raisons pour lesquelles cet acc\u00e8s est refus\u00e9, sauf si la loi nous l\u2019interdit. S\u2019il nous est d\u00e9montr\u00e9 que les renseignements personnels en notre possession sont inexacts, nous mettrons \u00e0 jour nos dossiers en cons\u00e9quence. Les demandes d\u2019acc\u00e8s aux renseignements ou de correction peuvent \u00eatre pr\u00e9sent\u00e9es par \u00e9crit \u00e0 <a href=\"mailto:info@parachutedigitalsolutions.ca\" target=\"_blank\" rel=\"noopener\">info@parachutedigitalsolutions.ca<\/a>.<\/p>\n<p>Nous comptons sur l\u2019aide des particuliers pour tenir \u00e0 jour les renseignements personnels les concernant. Toute personne est pri\u00e9e de nous informer imm\u00e9diatement de tout changement d\u2019adresse ou de coordonn\u00e9es.<\/p>\n<h2 id=\"S\u00e9curit\u00e9-des-renseignements-personnels\" data-renderer-start-pos=\"9742\">S\u00e9curit\u00e9 des renseignements personnels<\/h2>\n<p>Nous avons adopt\u00e9 des mesures de s\u00e9curit\u00e9 adapt\u00e9es \u00e0 la sensibilit\u00e9 des renseignements afin d\u2019assurer la protection des renseignements personnels et d\u2019en pr\u00e9venir l\u2019acc\u00e8s non autoris\u00e9, le vol ou la perte. Seuls nos employ\u00e9s et repr\u00e9sentants et ceux des assureurs, r\u00e9assureurs, administrateurs, consultants et repr\u00e9sentants en assurance qui ont besoin de conna\u00eetre les renseignements personnels aux fins de la s\u00e9lection des risques ou de l\u2019administration des produits d\u2019assurance et des services connexes ont acc\u00e8s \u00e0 ces renseignements.<\/p>\n<p>Nous ne conservons les renseignements personnels que le temps n\u00e9cessaire pour satisfaire aux fins pour lesquelles ils ont \u00e9t\u00e9 recueillis. Lorsque nous n\u2019avons plus besoin des renseignements personnels, nous prenons des mesures pour les d\u00e9truire ou pour les rendre anonymes. Certains renseignements personnels pourraient \u00eatre conserv\u00e9s ind\u00e9finiment si la r\u00e9glementation l\u2019exige.<\/p>\n<h2 id=\"Objectifs-de-marketing-facultatifs\" data-renderer-start-pos=\"10698\">Objectifs de marketing facultatifs<\/h2>\n<p>Si vous nous avez donn\u00e9 votre consentement, nous pourrons utiliser les renseignements personnels pour vous proposer des produits et services. La collecte, l\u2019utilisation et la communication de renseignements personnels \u00e0 des fins de marketing sont totalement facultatives et nul n\u2019est oblig\u00e9 d\u2019y consentir pour faire affaire avec nous. Toute personne peut retirer en tout temps son consentement \u00e0 ce que les renseignements personnels la concernant soient utilis\u00e9s \u00e0 des fins de marketing facultatives en communiquant avec nous \u00e0 l\u2019adresse <a href=\"mailto:info@parachutedigitalsolutions.ca\" target=\"_blank\" rel=\"noopener\">info@parachutedigitalsolutions.ca<\/a>.<\/p>\n<h2 id=\"Questions-et-pr\u00e9occupations\" data-renderer-start-pos=\"11311\">Questions et pr\u00e9occupations<\/h2>\n<p>Nous nous pencherons sur les questions ou pr\u00e9occupations que vous pourriez avoir sur tout aspect de la gestion des renseignements personnels vous concernant, et nous y r\u00e9pondrons. Si vous avez des questions ou des pr\u00e9occupations rattach\u00e9es \u00e0 nos pratiques de confidentialit\u00e9, veuillez les adresser \u00e0 <a href=\"mailto:info@parachutedigitalsolutions.ca\" target=\"_blank\" rel=\"noopener\">infor@parachutedigitalsolutions.ca<\/a>.<\/p>\n<p>Derni\u00e8re mise \u00e0 jour : 10 f\u00e9vrier 2021<\/p>\n\n\n<div style=\"height:30px\" aria-hidden=\"true\" class=\"wp-block-spacer\"><\/div>\n","protected":false},"excerpt":{"rendered":"<p>Parachute Solutions Num\u00e9riques Inc. La pr\u00e9sente Politique de confidentialit\u00e9 d\u00e9crit les pratiques de&nbsp;Parachute Solutions &#8230;<\/p>\n","protected":false},"author":1,"featured_media":0,"parent":0,"menu_order":0,"comment_status":"closed","ping_status":"closed","template":"","meta":{"_acf_changed":false,"footnotes":""},"class_list":["post-672","page","type-page","status-publish","hentry"],"acf":[],"yoast_head":"<!-- This site is optimized with the Yoast SEO plugin v27.3 - https:\/\/yoast.com\/product\/yoast-seo-wordpress\/ -->\n<title>Politique de confidentialit\u00e9 - Parachute Digital Solutions<\/title>\n<meta name=\"robots\" content=\"index, follow, max-snippet:-1, max-image-preview:large, max-video-preview:-1\" \/>\n<link rel=\"canonical\" href=\"https:\/\/parachutedigitalsolutions.com\/fr-ca\/politique-de-confidentialite-de-parachute-solutions-numeriques-inc\/\" \/>\n<meta property=\"og:locale\" content=\"fr_FR\" \/>\n<meta property=\"og:type\" content=\"article\" \/>\n<meta property=\"og:title\" content=\"Politique de confidentialit\u00e9 - Parachute Digital Solutions\" \/>\n<meta property=\"og:description\" content=\"Parachute Solutions Num\u00e9riques Inc. La pr\u00e9sente Politique de confidentialit\u00e9 d\u00e9crit les pratiques de&nbsp;Parachute Solutions ...\" \/>\n<meta property=\"og:url\" content=\"https:\/\/parachutedigitalsolutions.com\/fr-ca\/politique-de-confidentialite-de-parachute-solutions-numeriques-inc\/\" \/>\n<meta property=\"og:site_name\" content=\"Parachute Digital Solutions\" \/>\n<meta property=\"article:modified_time\" content=\"2022-09-26T15:08:05+00:00\" \/>\n<meta name=\"twitter:card\" content=\"summary_large_image\" \/>\n<meta name=\"twitter:label1\" content=\"Est. reading time\" \/>\n\t<meta name=\"twitter:data1\" content=\"6 minutes\" \/>\n<script type=\"application\/ld+json\" class=\"yoast-schema-graph\">{\"@context\":\"https:\\\/\\\/schema.org\",\"@graph\":[{\"@type\":\"WebPage\",\"@id\":\"https:\\\/\\\/parachutedigitalsolutions.com\\\/fr-ca\\\/politique-de-confidentialite-de-parachute-solutions-numeriques-inc\\\/\",\"url\":\"https:\\\/\\\/parachutedigitalsolutions.com\\\/fr-ca\\\/politique-de-confidentialite-de-parachute-solutions-numeriques-inc\\\/\",\"name\":\"Politique de confidentialit\u00e9 - Parachute Digital Solutions\",\"isPartOf\":{\"@id\":\"https:\\\/\\\/parachutedigitalsolutions.com\\\/en-ca\\\/#website\"},\"datePublished\":\"2020-08-13T18:14:52+00:00\",\"dateModified\":\"2022-09-26T15:08:05+00:00\",\"breadcrumb\":{\"@id\":\"https:\\\/\\\/parachutedigitalsolutions.com\\\/fr-ca\\\/politique-de-confidentialite-de-parachute-solutions-numeriques-inc\\\/#breadcrumb\"},\"inLanguage\":\"fr-ca\",\"potentialAction\":[{\"@type\":\"ReadAction\",\"target\":[\"https:\\\/\\\/parachutedigitalsolutions.com\\\/fr-ca\\\/politique-de-confidentialite-de-parachute-solutions-numeriques-inc\\\/\"]}]},{\"@type\":\"BreadcrumbList\",\"@id\":\"https:\\\/\\\/parachutedigitalsolutions.com\\\/fr-ca\\\/politique-de-confidentialite-de-parachute-solutions-numeriques-inc\\\/#breadcrumb\",\"itemListElement\":[{\"@type\":\"ListItem\",\"position\":1,\"name\":\"Home\",\"item\":\"https:\\\/\\\/parachutedigitalsolutions.com\\\/fr-ca\\\/\"},{\"@type\":\"ListItem\",\"position\":2,\"name\":\"Politique de confidentialit\u00e9\"}]},{\"@type\":\"WebSite\",\"@id\":\"https:\\\/\\\/parachutedigitalsolutions.com\\\/en-ca\\\/#website\",\"url\":\"https:\\\/\\\/parachutedigitalsolutions.com\\\/en-ca\\\/\",\"name\":\"Parachute Digital Solutions\",\"description\":\"Insurance the new-fashioned way\",\"publisher\":{\"@id\":\"https:\\\/\\\/parachutedigitalsolutions.com\\\/en-ca\\\/#organization\"},\"potentialAction\":[{\"@type\":\"SearchAction\",\"target\":{\"@type\":\"EntryPoint\",\"urlTemplate\":\"https:\\\/\\\/parachutedigitalsolutions.com\\\/en-ca\\\/?s={search_term_string}\"},\"query-input\":{\"@type\":\"PropertyValueSpecification\",\"valueRequired\":true,\"valueName\":\"search_term_string\"}}],\"inLanguage\":\"fr-ca\"},{\"@type\":\"Organization\",\"@id\":\"https:\\\/\\\/parachutedigitalsolutions.com\\\/en-ca\\\/#organization\",\"name\":\"Parachute Digital Solutions\",\"url\":\"https:\\\/\\\/parachutedigitalsolutions.com\\\/en-ca\\\/\",\"logo\":{\"@type\":\"ImageObject\",\"inLanguage\":\"fr-ca\",\"@id\":\"https:\\\/\\\/parachutedigitalsolutions.com\\\/en-ca\\\/#\\\/schema\\\/logo\\\/image\\\/\",\"url\":\"https:\\\/\\\/parachutedigitalsolutions.com\\\/wp-content\\\/uploads\\\/2020\\\/02\\\/PDS-Interim-Logo-White-RGB.png\",\"contentUrl\":\"https:\\\/\\\/parachutedigitalsolutions.com\\\/wp-content\\\/uploads\\\/2020\\\/02\\\/PDS-Interim-Logo-White-RGB.png\",\"width\":3572,\"height\":1365,\"caption\":\"Parachute Digital Solutions\"},\"image\":{\"@id\":\"https:\\\/\\\/parachutedigitalsolutions.com\\\/en-ca\\\/#\\\/schema\\\/logo\\\/image\\\/\"}}]}<\/script>\n<!-- \/ Yoast SEO plugin. -->","yoast_head_json":{"title":"Politique de confidentialit\u00e9 - Parachute Digital Solutions","robots":{"index":"index","follow":"follow","max-snippet":"max-snippet:-1","max-image-preview":"max-image-preview:large","max-video-preview":"max-video-preview:-1"},"canonical":"https:\/\/parachutedigitalsolutions.com\/fr-ca\/politique-de-confidentialite-de-parachute-solutions-numeriques-inc\/","og_locale":"fr_FR","og_type":"article","og_title":"Politique de confidentialit\u00e9 - Parachute Digital Solutions","og_description":"Parachute Solutions Num\u00e9riques Inc. La pr\u00e9sente Politique de confidentialit\u00e9 d\u00e9crit les pratiques de&nbsp;Parachute Solutions ...","og_url":"https:\/\/parachutedigitalsolutions.com\/fr-ca\/politique-de-confidentialite-de-parachute-solutions-numeriques-inc\/","og_site_name":"Parachute Digital Solutions","article_modified_time":"2022-09-26T15:08:05+00:00","twitter_card":"summary_large_image","twitter_misc":{"Est. reading time":"6 minutes"},"schema":{"@context":"https:\/\/schema.org","@graph":[{"@type":"WebPage","@id":"https:\/\/parachutedigitalsolutions.com\/fr-ca\/politique-de-confidentialite-de-parachute-solutions-numeriques-inc\/","url":"https:\/\/parachutedigitalsolutions.com\/fr-ca\/politique-de-confidentialite-de-parachute-solutions-numeriques-inc\/","name":"Politique de confidentialit\u00e9 - Parachute Digital Solutions","isPartOf":{"@id":"https:\/\/parachutedigitalsolutions.com\/en-ca\/#website"},"datePublished":"2020-08-13T18:14:52+00:00","dateModified":"2022-09-26T15:08:05+00:00","breadcrumb":{"@id":"https:\/\/parachutedigitalsolutions.com\/fr-ca\/politique-de-confidentialite-de-parachute-solutions-numeriques-inc\/#breadcrumb"},"inLanguage":"fr-ca","potentialAction":[{"@type":"ReadAction","target":["https:\/\/parachutedigitalsolutions.com\/fr-ca\/politique-de-confidentialite-de-parachute-solutions-numeriques-inc\/"]}]},{"@type":"BreadcrumbList","@id":"https:\/\/parachutedigitalsolutions.com\/fr-ca\/politique-de-confidentialite-de-parachute-solutions-numeriques-inc\/#breadcrumb","itemListElement":[{"@type":"ListItem","position":1,"name":"Home","item":"https:\/\/parachutedigitalsolutions.com\/fr-ca\/"},{"@type":"ListItem","position":2,"name":"Politique de confidentialit\u00e9"}]},{"@type":"WebSite","@id":"https:\/\/parachutedigitalsolutions.com\/en-ca\/#website","url":"https:\/\/parachutedigitalsolutions.com\/en-ca\/","name":"Parachute Digital Solutions","description":"Insurance the new-fashioned way","publisher":{"@id":"https:\/\/parachutedigitalsolutions.com\/en-ca\/#organization"},"potentialAction":[{"@type":"SearchAction","target":{"@type":"EntryPoint","urlTemplate":"https:\/\/parachutedigitalsolutions.com\/en-ca\/?s={search_term_string}"},"query-input":{"@type":"PropertyValueSpecification","valueRequired":true,"valueName":"search_term_string"}}],"inLanguage":"fr-ca"},{"@type":"Organization","@id":"https:\/\/parachutedigitalsolutions.com\/en-ca\/#organization","name":"Parachute Digital Solutions","url":"https:\/\/parachutedigitalsolutions.com\/en-ca\/","logo":{"@type":"ImageObject","inLanguage":"fr-ca","@id":"https:\/\/parachutedigitalsolutions.com\/en-ca\/#\/schema\/logo\/image\/","url":"https:\/\/parachutedigitalsolutions.com\/wp-content\/uploads\/2020\/02\/PDS-Interim-Logo-White-RGB.png","contentUrl":"https:\/\/parachutedigitalsolutions.com\/wp-content\/uploads\/2020\/02\/PDS-Interim-Logo-White-RGB.png","width":3572,"height":1365,"caption":"Parachute Digital Solutions"},"image":{"@id":"https:\/\/parachutedigitalsolutions.com\/en-ca\/#\/schema\/logo\/image\/"}}]}},"_links":{"self":[{"href":"https:\/\/parachutedigitalsolutions.com\/fr-ca\/wp-json\/wp\/v2\/pages\/672","targetHints":{"allow":["GET"]}}],"collection":[{"href":"https:\/\/parachutedigitalsolutions.com\/fr-ca\/wp-json\/wp\/v2\/pages"}],"about":[{"href":"https:\/\/parachutedigitalsolutions.com\/fr-ca\/wp-json\/wp\/v2\/types\/page"}],"author":[{"embeddable":true,"href":"https:\/\/parachutedigitalsolutions.com\/fr-ca\/wp-json\/wp\/v2\/users\/1"}],"replies":[{"embeddable":true,"href":"https:\/\/parachutedigitalsolutions.com\/fr-ca\/wp-json\/wp\/v2\/comments?post=672"}],"version-history":[{"count":0,"href":"https:\/\/parachutedigitalsolutions.com\/fr-ca\/wp-json\/wp\/v2\/pages\/672\/revisions"}],"wp:attachment":[{"href":"https:\/\/parachutedigitalsolutions.com\/fr-ca\/wp-json\/wp\/v2\/media?parent=672"}],"curies":[{"name":"wp","href":"https:\/\/api.w.org\/{rel}","templated":true}]}}